{"id":4985,"date":"2022-07-20T17:31:18","date_gmt":"2022-07-20T15:31:18","guid":{"rendered":"https:\/\/www.trendkost-promo.de\/contact\/"},"modified":"2025-05-16T11:31:40","modified_gmt":"2025-05-16T09:31:40","slug":"contact","status":"publish","type":"page","link":"https:\/\/www.trendkost-promo.de\/en\/contact\/","title":{"rendered":"Contact"},"content":{"rendered":"\n<h2 class=\"wp-block-heading\">Contact<\/h2>\n\n<p>Personal contact with you is important to us. Get in touch with us and send us an e-mail to <a href=\"&#x6d;&#x61;&#x69;&#108;&#116;&#111;:i&#x6e;&#x66;&#x6f;&#x40;&#116;&#114;en&#x64;&#x6b;&#x6f;&#x73;&#116;&#45;pr&#x6f;&#x6d;&#x6f;&#x2e;&#100;&#101;\" target=\"_blank\" rel=\"noreferrer noopener\">&#x69;n&#x66;&#111;&#x40;&#116;&#x72;&#x65;n&#x64;&#107;&#x6f;&#115;&#x74;&#45;p&#x72;&#111;&#x6d;&#111;&#x2e;&#100;e<\/a> or simply use the form below for your enquiry.<\/p>\n\n<div style=\"height:15px\" aria-hidden=\"true\" class=\"wp-block-spacer\"><\/div>\n\n<div class=\"wp-block-na-mdc-layout-grid-grid na-mdc-layout-grid mdc-layout-grid grid-5-3-1\" style=\"min-height:0;max-width:1256px;background-color:#f1f2f3;background-image:none;background-size:cover;background-repeat:no-repeat;background-position:center;background-attachment:scroll\" id=\"produkte\"><div class=\"mdc-layout-grid__inner\">\n<div class=\"wp-block-na-mdc-layout-grid-grid-cell mdc-layout-grid__cell mdc-layout-grid__cell--span-2-desktop mdc-layout-grid__cell--span-1-tablet mdc-layout-grid__cell--span-4-phone bycicle-block\" style=\"padding:0;min-height:0;justify-content:auto;background-color:transparent;background-image:none;background-size:cover;background-repeat:no-repeat;background-position:center;background-attachment:scroll\">\n<div style=\"height:21px\" aria-hidden=\"true\" class=\"wp-block-spacer\"><\/div>\n\n\n<div class=\"wp-block-image\">\n<figure class=\"aligncenter size-full is-resized\"><img fetchpriority=\"high\" decoding=\"async\" width=\"1600\" height=\"1280\" src=\"https:\/\/www.trendkost-promo.de\/wp-content\/uploads\/2024\/08\/3.png\" alt=\"\" class=\"wp-image-5477\" style=\"width:324px;height:auto\" srcset=\"https:\/\/www.trendkost-promo.de\/wp-content\/uploads\/2024\/08\/3.png 1600w, https:\/\/www.trendkost-promo.de\/wp-content\/uploads\/2024\/08\/3-300x240.png 300w, https:\/\/www.trendkost-promo.de\/wp-content\/uploads\/2024\/08\/3-1024x819.png 1024w, https:\/\/www.trendkost-promo.de\/wp-content\/uploads\/2024\/08\/3-50x40.png 50w, https:\/\/www.trendkost-promo.de\/wp-content\/uploads\/2024\/08\/3-1536x1229.png 1536w\" sizes=\"(max-width: 1600px) 100vw, 1600px\" \/><\/figure>\n<\/div><\/div>\n\n\n\n<div class=\"wp-block-na-mdc-layout-grid-grid-cell mdc-layout-grid__cell mdc-layout-grid__cell--span-2-desktop mdc-layout-grid__cell--span-1-tablet mdc-layout-grid__cell--span-4-phone bycicle-block\" style=\"padding:0;min-height:0;justify-content:auto;background-color:transparent;background-image:none;background-size:cover;background-repeat:no-repeat;background-position:center;background-attachment:scroll\">\n<div style=\"height:90px\" aria-hidden=\"true\" class=\"wp-block-spacer\"><\/div>\n\n\n\n<p><strong><strong>FRANZISKA SCH\u00dcTZ<\/strong><\/strong><br\/>campaign management<\/p>\n<\/div>\n\n\n\n<div class=\"wp-block-na-mdc-layout-grid-grid-cell mdc-layout-grid__cell mdc-layout-grid__cell--span-2-desktop mdc-layout-grid__cell--span-1-tablet mdc-layout-grid__cell--span-4-phone bycicle-block\" style=\"padding:0;min-height:0;justify-content:auto;background-color:transparent;background-image:none;background-size:cover;background-repeat:no-repeat;background-position:center;background-attachment:scroll\">\n<div style=\"height:21px\" aria-hidden=\"true\" class=\"wp-block-spacer\"><\/div>\n\n\n<div class=\"wp-block-image\">\n<figure class=\"aligncenter size-full\"><img decoding=\"async\" width=\"1600\" height=\"1280\" src=\"https:\/\/www.trendkost-promo.de\/wp-content\/uploads\/2024\/08\/2.png\" alt=\"\" class=\"wp-image-5479\" srcset=\"https:\/\/www.trendkost-promo.de\/wp-content\/uploads\/2024\/08\/2.png 1600w, https:\/\/www.trendkost-promo.de\/wp-content\/uploads\/2024\/08\/2-300x240.png 300w, https:\/\/www.trendkost-promo.de\/wp-content\/uploads\/2024\/08\/2-1024x819.png 1024w, https:\/\/www.trendkost-promo.de\/wp-content\/uploads\/2024\/08\/2-50x40.png 50w, https:\/\/www.trendkost-promo.de\/wp-content\/uploads\/2024\/08\/2-1536x1229.png 1536w\" sizes=\"(max-width: 1600px) 100vw, 1600px\" \/><\/figure>\n<\/div><\/div>\n\n\n\n<div class=\"wp-block-na-mdc-layout-grid-grid-cell mdc-layout-grid__cell mdc-layout-grid__cell--span-2-desktop mdc-layout-grid__cell--span-1-tablet mdc-layout-grid__cell--span-4-phone bycicle-block\" style=\"padding:0;min-height:0;justify-content:auto;background-color:transparent;background-image:none;background-size:cover;background-repeat:no-repeat;background-position:center;background-attachment:scroll\">\n<div style=\"height:90px\" aria-hidden=\"true\" class=\"wp-block-spacer\"><\/div>\n\n\n\n<p><strong><strong>CELINE G\u00dcRTLER<\/strong><\/strong><br\/>campaign management<\/p>\n<\/div>\n<\/div><\/div>\n\n<div style=\"height:60px\" aria-hidden=\"true\" class=\"wp-block-spacer\"><\/div>\n\n<div class=\"wpcf7 no-js\" id=\"wpcf7-f650-o1\" lang=\"de-DE\" dir=\"ltr\" data-wpcf7-id=\"650\">\n<div class=\"screen-reader-response\"><p role=\"status\" aria-live=\"polite\" aria-atomic=\"true\"><\/p> <ul><\/ul><\/div>\n<form action=\"\/en\/wp-json\/wp\/v2\/pages\/4985#wpcf7-f650-o1\" method=\"post\" class=\"wpcf7-form init\" aria-label=\"Kontaktformular\" enctype=\"multipart\/form-data\" novalidate=\"novalidate\" data-status=\"init\">\n<fieldset class=\"hidden-fields-container\"><input type=\"hidden\" name=\"_wpcf7\" value=\"650\" \/><input type=\"hidden\" name=\"_wpcf7_version\" value=\"6.1.5\" \/><input type=\"hidden\" name=\"_wpcf7_locale\" value=\"de_DE\" \/><input type=\"hidden\" name=\"_wpcf7_unit_tag\" value=\"wpcf7-f650-o1\" \/><input type=\"hidden\" name=\"_wpcf7_container_post\" value=\"0\" \/><input type=\"hidden\" name=\"_wpcf7_posted_data_hash\" value=\"\" \/>\n<\/fieldset>\nAnrede*\n<label class=\"mdc-text-field mdc-text-field--outlined mdc-text-field--no-label\">\n  <span class=\"mdc-notched-outline\">\n    <span class=\"mdc-notched-outline__leading\"><\/span>\n    <span class=\"mdc-notched-outline__trailing\"><\/span>\n  <\/span>\n  <span class=\"wpcf7-form-control-wrap\" data-name=\"salutation\"><select class=\"wpcf7-form-control wpcf7-select wpcf7-validates-as-required mdc-text-field__input\" id=\"cf_salutation\" aria-required=\"true\" aria-invalid=\"false\" name=\"salutation\"><option value=\"\">&#8211; Bitte ausw\u00e4hlen &#8211;<\/option><option value=\"Herr\">Herr<\/option><option value=\"Frau\">Frau<\/option><\/select><\/span>\n<\/label>\n\n<label class=\"mdc-text-field mdc-text-field--outlined\" data-mdc-auto-init=\"MDCTextField\">\n  <span class=\"mdc-notched-outline\">\n    <span class=\"mdc-notched-outline__leading\"><\/span>\n    <span class=\"mdc-notched-outline__notch\">\n      <span class=\"mdc-floating-label\" id=\"cf_name\">Vor- und Nachname*<\/span>\n    <\/span>\n    <span class=\"mdc-notched-outline__trailing\"><\/span>\n  <\/span>\n  <span class=\"wpcf7-form-control-wrap\" data-name=\"your-name\"><input size=\"40\" maxlength=\"400\" class=\"wpcf7-form-control wpcf7-text wpcf7-validates-as-required mdc-text-field__input\" id=\"cf_name\" aria-required=\"true\" aria-invalid=\"false\" value=\"\" type=\"text\" name=\"your-name\" \/><\/span>\n<\/label>\n\n<label class=\"mdc-text-field mdc-text-field--outlined\" data-mdc-auto-init=\"MDCTextField\">\n  <span class=\"mdc-notched-outline\">\n    <span class=\"mdc-notched-outline__leading\"><\/span>\n    <span class=\"mdc-notched-outline__notch\">\n      <span class=\"mdc-floating-label\" id=\"cf_company\">Unternehmen*<\/span>\n    <\/span>\n    <span class=\"mdc-notched-outline__trailing\"><\/span>\n  <\/span>\n  <span class=\"wpcf7-form-control-wrap\" data-name=\"company\"><input size=\"40\" maxlength=\"400\" class=\"wpcf7-form-control wpcf7-text wpcf7-validates-as-required mdc-text-field__input\" id=\"cf_company\" aria-required=\"true\" aria-invalid=\"false\" value=\"\" type=\"text\" name=\"company\" \/><\/span>\n<\/label>\n\n<label class=\"mdc-text-field mdc-text-field--outlined\" data-mdc-auto-init=\"MDCTextField\">\n  <span class=\"mdc-notched-outline\">\n    <span class=\"mdc-notched-outline__leading\"><\/span>\n    <span class=\"mdc-notched-outline__notch\">\n      <span class=\"mdc-floating-label\" id=\"cf_position\">Position<\/span>\n    <\/span>\n    <span class=\"mdc-notched-outline__trailing\"><\/span>\n  <\/span>\n  <span class=\"wpcf7-form-control-wrap\" data-name=\"position\"><input size=\"40\" maxlength=\"400\" class=\"wpcf7-form-control wpcf7-text mdc-text-field__input\" id=\"cf_position\" aria-invalid=\"false\" value=\"\" type=\"text\" name=\"position\" \/><\/span>\n<\/label>\n\n<label class=\"mdc-text-field mdc-text-field--outlined\" data-mdc-auto-init=\"MDCTextField\">\n  <span class=\"mdc-notched-outline\">\n    <span class=\"mdc-notched-outline__leading\"><\/span>\n    <span class=\"mdc-notched-outline__notch\">\n      <span class=\"mdc-floating-label\" id=\"cf_email\">E-Mail*<\/span>\n    <\/span>\n    <span class=\"mdc-notched-outline__trailing\"><\/span>\n  <\/span>\n  <span class=\"wpcf7-form-control-wrap\" data-name=\"email\"><input size=\"40\" maxlength=\"400\" class=\"wpcf7-form-control wpcf7-email wpcf7-validates-as-required wpcf7-text wpcf7-validates-as-email mdc-text-field__input\" id=\"cf_email\" aria-required=\"true\" aria-invalid=\"false\" value=\"\" type=\"email\" name=\"email\" \/><\/span>\n<\/label>\n\n<label class=\"mdc-text-field mdc-text-field--outlined\" data-mdc-auto-init=\"MDCTextField\">\n  <span class=\"mdc-notched-outline\">\n    <span class=\"mdc-notched-outline__leading\"><\/span>\n    <span class=\"mdc-notched-outline__notch\">\n      <span class=\"mdc-floating-label\" id=\"cf_phone\">Telefon<\/span>\n    <\/span>\n    <span class=\"mdc-notched-outline__trailing\"><\/span>\n  <\/span>\n  <span class=\"wpcf7-form-control-wrap\" data-name=\"phone\"><input size=\"40\" maxlength=\"400\" class=\"wpcf7-form-control wpcf7-tel wpcf7-text wpcf7-validates-as-tel mdc-text-field__input\" id=\"cf_phone\" aria-invalid=\"false\" value=\"\" type=\"tel\" name=\"phone\" \/><\/span>\n<\/label>\n\n<label class=\"mdc-text-field mdc-text-field--outlined\" data-mdc-auto-init=\"MDCTextField\">\n  <span class=\"mdc-notched-outline\">\n    <span class=\"mdc-notched-outline__leading\"><\/span>\n    <span class=\"mdc-notched-outline__notch\">\n      <span class=\"mdc-floating-label\" id=\"cf_subject\">Betreff<\/span>\n    <\/span>\n    <span class=\"mdc-notched-outline__trailing\"><\/span>\n  <\/span>\n  <span class=\"wpcf7-form-control-wrap\" data-name=\"subject\"><input size=\"40\" maxlength=\"400\" class=\"wpcf7-form-control wpcf7-text mdc-text-field__input\" id=\"cf_subject\" aria-invalid=\"false\" value=\"\" type=\"text\" name=\"subject\" \/><\/span>\n<\/label>\n\n<label class=\"mdc-text-field mdc-text-field--outlined mdc-text-field--textarea\" data-mdc-auto-init=\"MDCTextField\">\n  <span class=\"mdc-notched-outline\">\n    <span class=\"mdc-notched-outline__leading\"><\/span>\n    <span class=\"mdc-notched-outline__notch\">\n      <span class=\"mdc-floating-label\" id=\"cf_message\">Ihre Nachricht*<\/span>\n    <\/span>\n    <span class=\"mdc-notched-outline__trailing\"><\/span>\n  <\/span>\n  <span class=\"mdc-text-field__resizer\">\n  <span class=\"wpcf7-form-control-wrap\" data-name=\"message\"><textarea cols=\"40\" rows=\"4\" maxlength=\"2000\" class=\"wpcf7-form-control wpcf7-textarea mdc-text-field__input\" id=\"cf_message\" aria-invalid=\"false\" name=\"message\"><\/textarea><\/span>\n  <\/span>\n<\/label>\n\n<div style=\"margin-top:2em;margin-bottom:2em;\">\n<label>(Max. 5 MB, erlaubte Dateiformate: pdf, zip, doc, docx, xls, xlsx, jpg)<\/label><br>\n<span class=\"wpcf7-form-control-wrap\" data-name=\"your-file\"><input size=\"40\" class=\"wpcf7-form-control wpcf7-file\" accept=\".pdf,.zip,.doc,.docx,.xls,.xlsx,.jpg\" aria-invalid=\"false\" type=\"file\" name=\"your-file\" \/><\/span>\n<\/div>\n\n<span class=\"wpcf7-form-control-wrap\" data-name=\"acceptance\"><span class=\"wpcf7-form-control wpcf7-acceptance\"><span class=\"wpcf7-list-item\"><label><input type=\"checkbox\" name=\"acceptance\" value=\"1\" id=\"cf_acceptance\" aria-invalid=\"false\" \/><span class=\"wpcf7-list-item-label\">Ich stimme zu, dass meine Angaben aus dem Kontaktformular zur Beantwortung meiner Anfrage erhoben und verarbeitet werden. Die Daten werden nach abgeschlossener Bearbeitung Ihrer Anfrage gel\u00f6scht. Hinweis: Sie k\u00f6nnen Ihre Einwilligung jederzeit f\u00fcr die Zukunft per E-Mail an <a href=\"mai&#108;&#116;&#111;&#x3a;&#x69;&#x6e;&#x66;&#x6f;&#x40;tre&#110;&#100;&#107;&#111;&#x73;&#x74;&#x2d;&#x70;&#x72;&#x6f;mo&#46;&#100;&#101;\" target=\"_blank\">&#x69;&#x6e;&#102;o&#x40;&#x74;&#114;en&#x64;&#x6b;&#111;s&#x74;&#x2d;&#112;&#114;o&#x6d;&#x6f;&#46;d&#x65;<\/a> widerrufen. Detaillierte Informationen zum Umgang mit Nutzerdaten finden Sie in unserer <a href=\"\/datenschutzerklaerung\/\" target=\"_blank\">Datenschutzerkl\u00e4rung<\/a>.<\/span><\/label><\/span><\/span><\/span>\n\n<input class=\"wpcf7-form-control wpcf7-submit has-spinner mdc-button mdc-button--unelevated\" type=\"submit\" value=\"Absenden\" \/><div class=\"wpcf7-response-output\" aria-hidden=\"true\"><\/div>\n<\/form>\n<\/div>\n\n","protected":false},"excerpt":{"rendered":"<p><a href=\"https:\/\/www.trendkost-promo.de\/en\/contact\/\"><span>Contact Personal contact with you is important to us. Get in touch with us and send us an e-mail to &#x69;&#x6e;&#x66;&#111;&#64;tr&#x65;&#x6e;&#x64;&#x6b;&#111;&#115;t-&#x70;&#x72;&#x6f;&#109;&#111;&#46;de or simply use the form below for your enquiry.<\/span><\/a><\/p>\n","protected":false},"author":1,"featured_media":0,"parent":0,"menu_order":0,"comment_status":"closed","ping_status":"closed","template":"","meta":{"rs_blank_template":"","rs_page_bg_color":"","slide_template_v7":"","inline_featured_image":false,"footnotes":""},"class_list":["post-4985","page","type-page","status-publish","hentry"],"yoast_head":"<!-- This site is optimized with the Yoast SEO plugin v27.4 - https:\/\/yoast.com\/product\/yoast-seo-wordpress\/ -->\n<title>Contact - Trendkost Promotionagentur<\/title>\n<meta name=\"robots\" content=\"index, follow, max-snippet:-1, max-image-preview:large, max-video-preview:-1\" \/>\n<link rel=\"canonical\" href=\"https:\/\/www.trendkost-promo.de\/en\/contact\/\" \/>\n<meta property=\"og:locale\" content=\"en_US\" \/>\n<meta property=\"og:type\" content=\"article\" \/>\n<meta property=\"og:title\" content=\"Contact - Trendkost Promotionagentur\" \/>\n<meta property=\"og:description\" content=\"Contact Personal contact with you is important to us. Get in touch with us and send us an e-mail to &#x69;&#x6e;&#x66;&#x6f;&#x40;&#x74;&#x72;&#x65;&#x6e;&#x64;&#x6b;&#x6f;&#x73;&#x74;&#045;&#112;&#114;&#111;&#109;&#111;&#046;&#100;&#101; or simply use the form below for your enquiry.\" \/>\n<meta property=\"og:url\" content=\"https:\/\/www.trendkost-promo.de\/en\/contact\/\" \/>\n<meta property=\"og:site_name\" content=\"Trendkost Promotionagentur\" \/>\n<meta property=\"article:modified_time\" content=\"2025-05-16T09:31:40+00:00\" \/>\n<meta property=\"og:image\" content=\"https:\/\/www.trendkost-promo.de\/wp-content\/uploads\/2024\/08\/3.png\" \/>\n\t<meta property=\"og:image:width\" content=\"1600\" \/>\n\t<meta property=\"og:image:height\" content=\"1280\" \/>\n\t<meta property=\"og:image:type\" content=\"image\/png\" \/>\n<meta name=\"twitter:card\" content=\"summary_large_image\" \/>\n<script type=\"application\/ld+json\" class=\"yoast-schema-graph\">{\"@context\":\"https:\\\/\\\/schema.org\",\"@graph\":[{\"@type\":\"WebPage\",\"@id\":\"https:\\\/\\\/www.trendkost-promo.de\\\/en\\\/contact\\\/\",\"url\":\"https:\\\/\\\/www.trendkost-promo.de\\\/en\\\/contact\\\/\",\"name\":\"Contact - Trendkost Promotionagentur\",\"isPartOf\":{\"@id\":\"https:\\\/\\\/www.trendkost-promo.de\\\/en\\\/#website\"},\"primaryImageOfPage\":{\"@id\":\"https:\\\/\\\/www.trendkost-promo.de\\\/en\\\/contact\\\/#primaryimage\"},\"image\":{\"@id\":\"https:\\\/\\\/www.trendkost-promo.de\\\/en\\\/contact\\\/#primaryimage\"},\"thumbnailUrl\":\"https:\\\/\\\/www.trendkost-promo.de\\\/wp-content\\\/uploads\\\/2024\\\/08\\\/3.png\",\"datePublished\":\"2022-07-20T15:31:18+00:00\",\"dateModified\":\"2025-05-16T09:31:40+00:00\",\"breadcrumb\":{\"@id\":\"https:\\\/\\\/www.trendkost-promo.de\\\/en\\\/contact\\\/#breadcrumb\"},\"inLanguage\":\"en-US\",\"potentialAction\":[{\"@type\":\"ReadAction\",\"target\":[\"https:\\\/\\\/www.trendkost-promo.de\\\/en\\\/contact\\\/\"]}]},{\"@type\":\"ImageObject\",\"inLanguage\":\"en-US\",\"@id\":\"https:\\\/\\\/www.trendkost-promo.de\\\/en\\\/contact\\\/#primaryimage\",\"url\":\"https:\\\/\\\/www.trendkost-promo.de\\\/wp-content\\\/uploads\\\/2024\\\/08\\\/3.png\",\"contentUrl\":\"https:\\\/\\\/www.trendkost-promo.de\\\/wp-content\\\/uploads\\\/2024\\\/08\\\/3.png\"},{\"@type\":\"BreadcrumbList\",\"@id\":\"https:\\\/\\\/www.trendkost-promo.de\\\/en\\\/contact\\\/#breadcrumb\",\"itemListElement\":[{\"@type\":\"ListItem\",\"position\":1,\"name\":\"Startseite\",\"item\":\"https:\\\/\\\/www.trendkost-promo.de\\\/en\\\/\"},{\"@type\":\"ListItem\",\"position\":2,\"name\":\"Contact\"}]},{\"@type\":\"WebSite\",\"@id\":\"https:\\\/\\\/www.trendkost-promo.de\\\/en\\\/#website\",\"url\":\"https:\\\/\\\/www.trendkost-promo.de\\\/en\\\/\",\"name\":\"Trendkost Promotionagentur\",\"description\":\"\",\"publisher\":{\"@id\":\"https:\\\/\\\/www.trendkost-promo.de\\\/en\\\/#organization\"},\"potentialAction\":[{\"@type\":\"SearchAction\",\"target\":{\"@type\":\"EntryPoint\",\"urlTemplate\":\"https:\\\/\\\/www.trendkost-promo.de\\\/en\\\/?s={search_term_string}\"},\"query-input\":{\"@type\":\"PropertyValueSpecification\",\"valueRequired\":true,\"valueName\":\"search_term_string\"}}],\"inLanguage\":\"en-US\"},{\"@type\":\"Organization\",\"@id\":\"https:\\\/\\\/www.trendkost-promo.de\\\/en\\\/#organization\",\"name\":\"Trendkost Promotionagentur\",\"url\":\"https:\\\/\\\/www.trendkost-promo.de\\\/en\\\/\",\"logo\":{\"@type\":\"ImageObject\",\"inLanguage\":\"en-US\",\"@id\":\"https:\\\/\\\/www.trendkost-promo.de\\\/en\\\/#\\\/schema\\\/logo\\\/image\\\/\",\"url\":\"https:\\\/\\\/www.trendkost-promo.de\\\/wp-content\\\/uploads\\\/2024\\\/01\\\/Trendkost_Logo.png\",\"contentUrl\":\"https:\\\/\\\/www.trendkost-promo.de\\\/wp-content\\\/uploads\\\/2024\\\/01\\\/Trendkost_Logo.png\",\"width\":828,\"height\":280,\"caption\":\"Trendkost Promotionagentur\"},\"image\":{\"@id\":\"https:\\\/\\\/www.trendkost-promo.de\\\/en\\\/#\\\/schema\\\/logo\\\/image\\\/\"}}]}<\/script>\n<!-- \/ Yoast SEO plugin. -->","yoast_head_json":{"title":"Contact - Trendkost Promotionagentur","robots":{"index":"index","follow":"follow","max-snippet":"max-snippet:-1","max-image-preview":"max-image-preview:large","max-video-preview":"max-video-preview:-1"},"canonical":"https:\/\/www.trendkost-promo.de\/en\/contact\/","og_locale":"en_US","og_type":"article","og_title":"Contact - Trendkost Promotionagentur","og_description":"Contact Personal contact with you is important to us. Get in touch with us and send us an e-mail to &#x69;&#x6e;&#102;o&#x40;&#x74;&#114;&#101;n&#x64;&#x6b;&#111;&#115;t&#x2d;&#x70;&#114;om&#x6f;&#x2e;&#100;e or simply use the form below for your enquiry.","og_url":"https:\/\/www.trendkost-promo.de\/en\/contact\/","og_site_name":"Trendkost Promotionagentur","article_modified_time":"2025-05-16T09:31:40+00:00","og_image":[{"width":1600,"height":1280,"url":"https:\/\/www.trendkost-promo.de\/wp-content\/uploads\/2024\/08\/3.png","type":"image\/png"}],"twitter_card":"summary_large_image","schema":{"@context":"https:\/\/schema.org","@graph":[{"@type":"WebPage","@id":"https:\/\/www.trendkost-promo.de\/en\/contact\/","url":"https:\/\/www.trendkost-promo.de\/en\/contact\/","name":"Contact - Trendkost Promotionagentur","isPartOf":{"@id":"https:\/\/www.trendkost-promo.de\/en\/#website"},"primaryImageOfPage":{"@id":"https:\/\/www.trendkost-promo.de\/en\/contact\/#primaryimage"},"image":{"@id":"https:\/\/www.trendkost-promo.de\/en\/contact\/#primaryimage"},"thumbnailUrl":"https:\/\/www.trendkost-promo.de\/wp-content\/uploads\/2024\/08\/3.png","datePublished":"2022-07-20T15:31:18+00:00","dateModified":"2025-05-16T09:31:40+00:00","breadcrumb":{"@id":"https:\/\/www.trendkost-promo.de\/en\/contact\/#breadcrumb"},"inLanguage":"en-US","potentialAction":[{"@type":"ReadAction","target":["https:\/\/www.trendkost-promo.de\/en\/contact\/"]}]},{"@type":"ImageObject","inLanguage":"en-US","@id":"https:\/\/www.trendkost-promo.de\/en\/contact\/#primaryimage","url":"https:\/\/www.trendkost-promo.de\/wp-content\/uploads\/2024\/08\/3.png","contentUrl":"https:\/\/www.trendkost-promo.de\/wp-content\/uploads\/2024\/08\/3.png"},{"@type":"BreadcrumbList","@id":"https:\/\/www.trendkost-promo.de\/en\/contact\/#breadcrumb","itemListElement":[{"@type":"ListItem","position":1,"name":"Startseite","item":"https:\/\/www.trendkost-promo.de\/en\/"},{"@type":"ListItem","position":2,"name":"Contact"}]},{"@type":"WebSite","@id":"https:\/\/www.trendkost-promo.de\/en\/#website","url":"https:\/\/www.trendkost-promo.de\/en\/","name":"Trendkost Promotionagentur","description":"","publisher":{"@id":"https:\/\/www.trendkost-promo.de\/en\/#organization"},"potentialAction":[{"@type":"SearchAction","target":{"@type":"EntryPoint","urlTemplate":"https:\/\/www.trendkost-promo.de\/en\/?s={search_term_string}"},"query-input":{"@type":"PropertyValueSpecification","valueRequired":true,"valueName":"search_term_string"}}],"inLanguage":"en-US"},{"@type":"Organization","@id":"https:\/\/www.trendkost-promo.de\/en\/#organization","name":"Trendkost Promotionagentur","url":"https:\/\/www.trendkost-promo.de\/en\/","logo":{"@type":"ImageObject","inLanguage":"en-US","@id":"https:\/\/www.trendkost-promo.de\/en\/#\/schema\/logo\/image\/","url":"https:\/\/www.trendkost-promo.de\/wp-content\/uploads\/2024\/01\/Trendkost_Logo.png","contentUrl":"https:\/\/www.trendkost-promo.de\/wp-content\/uploads\/2024\/01\/Trendkost_Logo.png","width":828,"height":280,"caption":"Trendkost Promotionagentur"},"image":{"@id":"https:\/\/www.trendkost-promo.de\/en\/#\/schema\/logo\/image\/"}}]}},"_links":{"self":[{"href":"https:\/\/www.trendkost-promo.de\/en\/wp-json\/wp\/v2\/pages\/4985","targetHints":{"allow":["GET"]}}],"collection":[{"href":"https:\/\/www.trendkost-promo.de\/en\/wp-json\/wp\/v2\/pages"}],"about":[{"href":"https:\/\/www.trendkost-promo.de\/en\/wp-json\/wp\/v2\/types\/page"}],"author":[{"embeddable":true,"href":"https:\/\/www.trendkost-promo.de\/en\/wp-json\/wp\/v2\/users\/1"}],"replies":[{"embeddable":true,"href":"https:\/\/www.trendkost-promo.de\/en\/wp-json\/wp\/v2\/comments?post=4985"}],"version-history":[{"count":8,"href":"https:\/\/www.trendkost-promo.de\/en\/wp-json\/wp\/v2\/pages\/4985\/revisions"}],"predecessor-version":[{"id":9274,"href":"https:\/\/www.trendkost-promo.de\/en\/wp-json\/wp\/v2\/pages\/4985\/revisions\/9274"}],"wp:attachment":[{"href":"https:\/\/www.trendkost-promo.de\/en\/wp-json\/wp\/v2\/media?parent=4985"}],"curies":[{"name":"wp","href":"https:\/\/api.w.org\/{rel}","templated":true}]}}